{"id":1217,"date":"2023-11-09T10:38:29","date_gmt":"2023-11-09T10:38:29","guid":{"rendered":"https:\/\/edu-webdesign.com\/?page_id=1217"},"modified":"2025-11-11T11:55:26","modified_gmt":"2025-11-11T11:55:26","slug":"kapcsolat","status":"publish","type":"page","link":"https:\/\/edu-webdesign.com\/en\/kapcsolat\/","title":{"rendered":"Contact"},"content":{"rendered":"\t\t<div data-elementor-type=\"wp-page\" data-elementor-id=\"1217\" class=\"elementor elementor-1217\" data-elementor-post-type=\"page\">\n\t\t\t\t<div class=\"elementor-element elementor-element-765071f e-flex e-con-boxed e-con e-parent\" data-id=\"765071f\" data-element_type=\"container\" data-e-type=\"container\" id=\"footer\">\n\t\t\t\t\t<div class=\"e-con-inner\">\n\t\t\t\t<div class=\"elementor-element elementor-element-20d8301f de_scroll_animation_no elementor-widget elementor-widget-heading\" data-id=\"20d8301f\" data-element_type=\"widget\" data-e-type=\"widget\" data-widget_type=\"heading.default\">\n\t\t\t\t<div class=\"elementor-widget-container\">\n\t\t\t\t\t<h2 class=\"elementor-heading-title elementor-size-default\"><p style=\"color: #020101\">Vedd fel velem a <span style=\"color: #FF5722\">kapcsolatot<\/span><span style=\"color: inherit;font-size: 5.7rem;letter-spacing: 0px\"><\/span><\/p><\/h2>\t\t\t\t<\/div>\n\t\t\t\t<\/div>\n\t\t\t\t<div class=\"elementor-element elementor-element-aa44f89 elementor-button-align-start elementor-tablet-button-align-start elementor-mobile-button-align-stretch de_scroll_animation_no elementor-invisible elementor-widget elementor-widget-form\" data-id=\"aa44f89\" data-element_type=\"widget\" data-e-type=\"widget\" data-settings=\"{&quot;step_next_label&quot;:&quot;Next&quot;,&quot;step_previous_label&quot;:&quot;Previous&quot;,&quot;_animation&quot;:&quot;fadeInRight&quot;,&quot;_animation_delay&quot;:200,&quot;button_width&quot;:&quot;100&quot;,&quot;step_type&quot;:&quot;number_text&quot;,&quot;step_icon_shape&quot;:&quot;circle&quot;}\" data-widget_type=\"form.default\">\n\t\t\t\t<div class=\"elementor-widget-container\">\n\t\t\t\t\t\t\t<form class=\"elementor-form\" method=\"post\" name=\"Contact Us - Uptraffic\" aria-label=\"Contact Us - Uptraffic\">\n\t\t\t<input type=\"hidden\" name=\"post_id\" value=\"1217\"\/>\n\t\t\t<input type=\"hidden\" name=\"form_id\" value=\"aa44f89\"\/>\n\t\t\t<input type=\"hidden\" name=\"referer_title\" value=\"Kontakt\" \/>\n\n\t\t\t\t\t\t\t<input type=\"hidden\" name=\"queried_id\" value=\"1217\"\/>\n\t\t\t\n\t\t\t<div class=\"elementor-form-fields-wrapper elementor-labels-\">\n\t\t\t\t\t\t\t\t<div class=\"elementor-field-type-text elementor-field-group elementor-column elementor-field-group-name elementor-col-100 elementor-field-required\">\n\t\t\t\t\t\t\t\t\t\t\t\t<label for=\"form-field-name\" class=\"elementor-field-label elementor-screen-only\">\n\t\t\t\t\t\t\t\tNeved\t\t\t\t\t\t\t<\/label>\n\t\t\t\t\t\t\t\t\t\t\t\t\t\t<input size=\"1\" type=\"text\" name=\"form_fields[name]\" id=\"form-field-name\" class=\"elementor-field elementor-size-md  elementor-field-textual\" placeholder=\"Teljes neved\" required=\"required\">\n\t\t\t\t\t\t\t\t\t\t\t<\/div>\n\t\t\t\t\t\t\t\t<div class=\"elementor-field-type-email elementor-field-group elementor-column elementor-field-group-email elementor-col-100 elementor-field-required\">\n\t\t\t\t\t\t\t\t\t\t\t\t<label for=\"form-field-email\" class=\"elementor-field-label elementor-screen-only\">\n\t\t\t\t\t\t\t\tEmailed\t\t\t\t\t\t\t<\/label>\n\t\t\t\t\t\t\t\t\t\t\t\t\t\t<input size=\"1\" type=\"email\" name=\"form_fields[email]\" id=\"form-field-email\" class=\"elementor-field elementor-size-md  elementor-field-textual\" placeholder=\"Email c\u00edmed\" required=\"required\">\n\t\t\t\t\t\t\t\t\t\t\t<\/div>\n\t\t\t\t\t\t\t\t<div class=\"elementor-field-type-text elementor-field-group elementor-column elementor-field-group-field_28e9e2f elementor-col-100 elementor-field-required\">\n\t\t\t\t\t\t\t\t\t\t\t\t<label for=\"form-field-field_28e9e2f\" class=\"elementor-field-label elementor-screen-only\">\n\t\t\t\t\t\t\t\tTelefonsz\u00e1mod\t\t\t\t\t\t\t<\/label>\n\t\t\t\t\t\t\t\t\t\t\t\t\t\t<input size=\"1\" type=\"text\" name=\"form_fields[field_28e9e2f]\" id=\"form-field-field_28e9e2f\" class=\"elementor-field elementor-size-md  elementor-field-textual\" placeholder=\"Telefonsz\u00e1mod\" required=\"required\">\n\t\t\t\t\t\t\t\t\t\t\t<\/div>\n\t\t\t\t\t\t\t\t<div class=\"elementor-field-type-text elementor-field-group elementor-column elementor-field-group-field_c08cc04 elementor-col-100\">\n\t\t\t\t\t\t\t\t\t\t\t\t<label for=\"form-field-field_c08cc04\" class=\"elementor-field-label elementor-screen-only\">\n\t\t\t\t\t\t\t\tWeboldalad\t\t\t\t\t\t\t<\/label>\n\t\t\t\t\t\t\t\t\t\t\t\t\t\t<input size=\"1\" type=\"text\" name=\"form_fields[field_c08cc04]\" id=\"form-field-field_c08cc04\" class=\"elementor-field elementor-size-md  elementor-field-textual\" placeholder=\"Weboldalad - ha van jelenleg\">\n\t\t\t\t\t\t\t\t\t\t\t<\/div>\n\t\t\t\t\t\t\t\t<div class=\"elementor-field-type-text elementor-field-group elementor-column elementor-field-group-field_6ebd79e elementor-col-100\">\n\t\t\t\t\t\t\t\t\t\t\t\t<label for=\"form-field-field_6ebd79e\" class=\"elementor-field-label elementor-screen-only\">\n\t\t\t\t\t\t\t\tV\u00e1llalkoz\u00e1sod\t\t\t\t\t\t\t<\/label>\n\t\t\t\t\t\t\t\t\t\t\t\t\t\t<input size=\"1\" type=\"text\" name=\"form_fields[field_6ebd79e]\" id=\"form-field-field_6ebd79e\" class=\"elementor-field elementor-size-md  elementor-field-textual\" placeholder=\"Term\u00e9ked\/szolg\u00e1ltat\u00e1sod le\u00edr\u00e1sa\">\n\t\t\t\t\t\t\t\t\t\t\t<\/div>\n\t\t\t\t\t\t\t\t<div class=\"elementor-field-type-select elementor-field-group elementor-column elementor-field-group-field_ee0ade8 elementor-col-100 elementor-field-required\">\n\t\t\t\t\t\t\t\t\t\t\t\t<label for=\"form-field-field_ee0ade8\" class=\"elementor-field-label elementor-screen-only\">\n\t\t\t\t\t\t\t\tMilyen szolg\u00e1ltat\u00e1st szeretn\u00e9l\t\t\t\t\t\t\t<\/label>\n\t\t\t\t\t\t\t\t<div class=\"elementor-field elementor-select-wrapper remove-before \">\n\t\t\t<div class=\"select-caret-down-wrapper\">\n\t\t\t\t<i aria-hidden=\"true\" class=\"eicon-caret-down\"><\/i>\t\t\t<\/div>\n\t\t\t<select name=\"form_fields[field_ee0ade8]\" id=\"form-field-field_ee0ade8\" class=\"elementor-field-textual elementor-size-md\" required=\"required\">\n\t\t\t\t\t\t\t\t\t<option value=\"Els\u0151 ingyenes konzult\u00e1ci\u00f3\">Els\u0151 ingyenes konzult\u00e1ci\u00f3<\/option>\n\t\t\t\t\t\t\t\t\t<option value=\"Landing oldal\">Landing oldal<\/option>\n\t\t\t\t\t\t\t\t\t<option value=\"\u00dczleti weboldal - 1-5 menu\">\u00dczleti weboldal - 1-5 menu<\/option>\n\t\t\t\t\t\t\t\t\t<option value=\"\u00dczleti weboldal - 6-12 menu\">\u00dczleti weboldal - 6-12 menu<\/option>\n\t\t\t\t\t\t\t\t\t<option value=\"C\u00e9ges weboldal - egyedi aj\u00e1nlat\">C\u00e9ges weboldal - egyedi aj\u00e1nlat<\/option>\n\t\t\t\t\t\t\t\t\t<option value=\"Webshop\">Webshop<\/option>\n\t\t\t\t\t\t\t<\/select>\n\t\t<\/div>\n\t\t\t\t\t\t<\/div>\n\t\t\t\t\t\t\t\t<div class=\"elementor-field-type-textarea elementor-field-group elementor-column elementor-field-group-message elementor-col-100 elementor-field-required\">\n\t\t\t\t\t\t\t\t\t\t\t\t<label for=\"form-field-message\" class=\"elementor-field-label elementor-screen-only\">\n\t\t\t\t\t\t\t\t\u00dczenet\t\t\t\t\t\t\t<\/label>\n\t\t\t\t\t\t<textarea class=\"elementor-field-textual elementor-field  elementor-size-md\" name=\"form_fields[message]\" id=\"form-field-message\" rows=\"4\" placeholder=\"Ha van b\u00e1rmilyen k\u00e9rd\u00e9sed, itt tudod feltenni\" required=\"required\"><\/textarea>\t\t\t\t<\/div>\n\t\t\t\t\t\t\t\t<div class=\"elementor-field-type-acceptance elementor-field-group elementor-column elementor-field-group-field_228e64c elementor-col-100\">\n\t\t\t\t\t\t\t<div class=\"elementor-field-subgroup\">\n\t\t\t<span class=\"elementor-field-option\">\n\t\t\t\t<input type=\"checkbox\" name=\"form_fields[field_228e64c]\" id=\"form-field-field_228e64c\" class=\"elementor-field elementor-size-md  elementor-acceptance-field\">\n\t\t\t\t<label for=\"form-field-field_228e64c\">Az \u0171rlap elk\u00fcld\u00e9s\u00e9vel hozz\u00e1j\u00e1rulok, hogy a megadott adataimat a startversum.hu az adatv\u00e9delmi nyilatkozat szerint kezelje.<\/label>\t\t\t<\/span>\n\t\t<\/div>\n\t\t\t\t\t\t<\/div>\n\t\t\t\t\t\t\t\t<div class=\"elementor-field-group elementor-column elementor-field-type-submit elementor-col-100 e-form__buttons\">\n\t\t\t\t\t<button class=\"elementor-button elementor-size-md elementor-animation-grow\" type=\"submit\">\n\t\t\t\t\t\t<span class=\"elementor-button-content-wrapper\">\n\t\t\t\t\t\t\t\t\t\t\t\t\t\t\t\t\t\t\t\t\t\t<span class=\"elementor-button-text\">Elk\u00fcld\u00f6m<\/span>\n\t\t\t\t\t\t\t\t\t\t\t\t\t<\/span>\n\t\t\t\t\t<\/button>\n\t\t\t\t<\/div>\n\t\t\t<\/div>\n\t\t<\/form>\n\t\t\t\t\t\t<\/div>\n\t\t\t\t<\/div>\n\t\t\t\t\t<\/div>\n\t\t\t\t<\/div>\n\t\t\t\t<\/div>\n\t\t","protected":false},"excerpt":{"rendered":"<p class=\"translation-block\"><span style=\"color:black\">Get in touch <\/span><br><span style=\"color:#F58159\">with me<\/span><\/p>","protected":false},"author":1,"featured_media":1981,"parent":0,"menu_order":0,"comment_status":"closed","ping_status":"closed","template":"elementor_header_footer","meta":{"footnotes":""},"class_list":["post-1217","page","type-page","status-publish","has-post-thumbnail","hentry"],"yoast_head":"<!-- This site is optimized with the Yoast SEO Premium plugin v27.1 (Yoast SEO v27.1.1) - https:\/\/yoast.com\/product\/yoast-seo-premium-wordpress\/ -->\n<title>Kontakt<\/title>\n<meta name=\"description\" content=\"L\u00e9pj vel\u00fcnk kapcsolatba \u00e9s fedezd fel, hogyan seg\u00edthet\u00fcnk n\u00f6veked\u00e9sedben. k\u00e9szen \u00e1llunk, hogy szem\u00e9lyre szabott megold\u00e1sokkal t\u00e1mogassunk.\" \/>\n<meta name=\"robots\" content=\"index, follow, max-snippet:-1, max-image-preview:large, max-video-preview:-1\" \/>\n<link rel=\"canonical\" href=\"https:\/\/edu-webdesign.com\/en\/kapcsolat\/\" \/>\n<meta property=\"og:locale\" content=\"en_US\" \/>\n<meta property=\"og:type\" content=\"article\" \/>\n<meta property=\"og:title\" content=\"Kontakt\" \/>\n<meta property=\"og:description\" content=\"L\u00e9pj vel\u00fcnk kapcsolatba \u00e9s fedezd fel, hogyan seg\u00edthet\u00fcnk n\u00f6veked\u00e9sedben. k\u00e9szen \u00e1llunk, hogy szem\u00e9lyre szabott megold\u00e1sokkal t\u00e1mogassunk.\" \/>\n<meta property=\"og:url\" content=\"https:\/\/edu-webdesign.com\/en\/kapcsolat\/\" \/>\n<meta property=\"article:modified_time\" content=\"2025-11-11T11:55:26+00:00\" \/>\n<meta property=\"og:image\" content=\"https:\/\/edu-webdesign.com\/wp-content\/uploads\/2023\/11\/online-marketing.jpg\" \/>\n\t<meta property=\"og:image:width\" content=\"1000\" \/>\n\t<meta property=\"og:image:height\" content=\"667\" \/>\n\t<meta property=\"og:image:type\" content=\"image\/jpeg\" \/>\n<meta name=\"twitter:card\" content=\"summary_large_image\" \/>\n<meta name=\"twitter:label1\" content=\"Est. reading time\" \/>\n\t<meta name=\"twitter:data1\" content=\"1 minute\" \/>\n<script type=\"application\/ld+json\" class=\"yoast-schema-graph\">{\"@context\":\"https:\/\/schema.org\",\"@graph\":[{\"@type\":\"WebPage\",\"@id\":\"https:\/\/edu-webdesign.com\/kapcsolat\/\",\"url\":\"https:\/\/edu-webdesign.com\/kapcsolat\/\",\"name\":\"Kontakt\",\"isPartOf\":{\"@id\":\"https:\/\/edu-webdesign.com\/#website\"},\"primaryImageOfPage\":{\"@id\":\"https:\/\/edu-webdesign.com\/kapcsolat\/#primaryimage\"},\"image\":{\"@id\":\"https:\/\/edu-webdesign.com\/kapcsolat\/#primaryimage\"},\"thumbnailUrl\":\"https:\/\/edu-webdesign.com\/wp-content\/uploads\/2023\/11\/online-marketing.jpg\",\"datePublished\":\"2023-11-09T10:38:29+00:00\",\"dateModified\":\"2025-11-11T11:55:26+00:00\",\"description\":\"L\u00e9pj vel\u00fcnk kapcsolatba \u00e9s fedezd fel, hogyan seg\u00edthet\u00fcnk n\u00f6veked\u00e9sedben. k\u00e9szen \u00e1llunk, hogy szem\u00e9lyre szabott megold\u00e1sokkal t\u00e1mogassunk.\",\"breadcrumb\":{\"@id\":\"https:\/\/edu-webdesign.com\/kapcsolat\/#breadcrumb\"},\"inLanguage\":\"en-US\",\"potentialAction\":[{\"@type\":\"ReadAction\",\"target\":[\"https:\/\/edu-webdesign.com\/kapcsolat\/\"]}]},{\"@type\":\"ImageObject\",\"inLanguage\":\"en-US\",\"@id\":\"https:\/\/edu-webdesign.com\/kapcsolat\/#primaryimage\",\"url\":\"https:\/\/edu-webdesign.com\/wp-content\/uploads\/2023\/11\/online-marketing.jpg\",\"contentUrl\":\"https:\/\/edu-webdesign.com\/wp-content\/uploads\/2023\/11\/online-marketing.jpg\",\"width\":1000,\"height\":667},{\"@type\":\"BreadcrumbList\",\"@id\":\"https:\/\/edu-webdesign.com\/kapcsolat\/#breadcrumb\",\"itemListElement\":[{\"@type\":\"ListItem\",\"position\":1,\"name\":\"Kezd\u0151lap\",\"item\":\"https:\/\/edu-webdesign.com\/\"},{\"@type\":\"ListItem\",\"position\":2,\"name\":\"Kontakt\"}]},{\"@type\":\"WebSite\",\"@id\":\"https:\/\/edu-webdesign.com\/#website\",\"url\":\"https:\/\/edu-webdesign.com\/\",\"name\":\"edu-webdesign\",\"description\":\"\",\"publisher\":{\"@id\":\"https:\/\/edu-webdesign.com\/#\/schema\/person\/698f61200da814ef97f4120114242988\"},\"potentialAction\":[{\"@type\":\"SearchAction\",\"target\":{\"@type\":\"EntryPoint\",\"urlTemplate\":\"https:\/\/edu-webdesign.com\/?s={search_term_string}\"},\"query-input\":{\"@type\":\"PropertyValueSpecification\",\"valueRequired\":true,\"valueName\":\"search_term_string\"}}],\"inLanguage\":\"en-US\"},{\"@type\":[\"Person\",\"Organization\"],\"@id\":\"https:\/\/edu-webdesign.com\/#\/schema\/person\/698f61200da814ef97f4120114242988\",\"name\":\"edusikerul78\",\"image\":{\"@type\":\"ImageObject\",\"inLanguage\":\"en-US\",\"@id\":\"https:\/\/edu-webdesign.com\/#\/schema\/person\/image\/\",\"url\":\"https:\/\/edu-webdesign.com\/wp-content\/uploads\/2023\/11\/cropped-edu-logo.png\",\"contentUrl\":\"https:\/\/edu-webdesign.com\/wp-content\/uploads\/2023\/11\/cropped-edu-logo.png\",\"width\":512,\"height\":512,\"caption\":\"edusikerul78\"},\"logo\":{\"@id\":\"https:\/\/edu-webdesign.com\/#\/schema\/person\/image\/\"},\"sameAs\":[\"https:\/\/edu-webdesign.com\"]}]}<\/script>\n<!-- \/ Yoast SEO Premium plugin. -->","yoast_head_json":{"title":"Contact","description":"L\u00e9pj vel\u00fcnk kapcsolatba \u00e9s fedezd fel, hogyan seg\u00edthet\u00fcnk n\u00f6veked\u00e9sedben. k\u00e9szen \u00e1llunk, hogy szem\u00e9lyre szabott megold\u00e1sokkal t\u00e1mogassunk.","robots":{"index":"index","follow":"follow","max-snippet":"max-snippet:-1","max-image-preview":"max-image-preview:large","max-video-preview":"max-video-preview:-1"},"canonical":"https:\/\/edu-webdesign.com\/en\/kapcsolat\/","og_locale":"en_US","og_type":"article","og_title":"Kontakt","og_description":"L\u00e9pj vel\u00fcnk kapcsolatba \u00e9s fedezd fel, hogyan seg\u00edthet\u00fcnk n\u00f6veked\u00e9sedben. k\u00e9szen \u00e1llunk, hogy szem\u00e9lyre szabott megold\u00e1sokkal t\u00e1mogassunk.","og_url":"https:\/\/edu-webdesign.com\/en\/kapcsolat\/","article_modified_time":"2025-11-11T11:55:26+00:00","og_image":[{"width":1000,"height":667,"url":"https:\/\/edu-webdesign.com\/wp-content\/uploads\/2023\/11\/online-marketing.jpg","type":"image\/jpeg"}],"twitter_card":"summary_large_image","twitter_misc":{"Est. reading time":"1 minute"},"schema":{"@context":"https:\/\/schema.org","@graph":[{"@type":"WebPage","@id":"https:\/\/edu-webdesign.com\/kapcsolat\/","url":"https:\/\/edu-webdesign.com\/kapcsolat\/","name":"Contact","isPartOf":{"@id":"https:\/\/edu-webdesign.com\/#website"},"primaryImageOfPage":{"@id":"https:\/\/edu-webdesign.com\/kapcsolat\/#primaryimage"},"image":{"@id":"https:\/\/edu-webdesign.com\/kapcsolat\/#primaryimage"},"thumbnailUrl":"https:\/\/edu-webdesign.com\/wp-content\/uploads\/2023\/11\/online-marketing.jpg","datePublished":"2023-11-09T10:38:29+00:00","dateModified":"2025-11-11T11:55:26+00:00","description":"L\u00e9pj vel\u00fcnk kapcsolatba \u00e9s fedezd fel, hogyan seg\u00edthet\u00fcnk n\u00f6veked\u00e9sedben. k\u00e9szen \u00e1llunk, hogy szem\u00e9lyre szabott megold\u00e1sokkal t\u00e1mogassunk.","breadcrumb":{"@id":"https:\/\/edu-webdesign.com\/kapcsolat\/#breadcrumb"},"inLanguage":"en-US","potentialAction":[{"@type":"ReadAction","target":["https:\/\/edu-webdesign.com\/kapcsolat\/"]}]},{"@type":"ImageObject","inLanguage":"en-US","@id":"https:\/\/edu-webdesign.com\/kapcsolat\/#primaryimage","url":"https:\/\/edu-webdesign.com\/wp-content\/uploads\/2023\/11\/online-marketing.jpg","contentUrl":"https:\/\/edu-webdesign.com\/wp-content\/uploads\/2023\/11\/online-marketing.jpg","width":1000,"height":667},{"@type":"BreadcrumbList","@id":"https:\/\/edu-webdesign.com\/kapcsolat\/#breadcrumb","itemListElement":[{"@type":"ListItem","position":1,"name":"Kezd\u0151lap","item":"https:\/\/edu-webdesign.com\/"},{"@type":"ListItem","position":2,"name":"Kontakt"}]},{"@type":"WebSite","@id":"https:\/\/edu-webdesign.com\/#website","url":"https:\/\/edu-webdesign.com\/","name":"edu-webdesign","description":"","publisher":{"@id":"https:\/\/edu-webdesign.com\/#\/schema\/person\/698f61200da814ef97f4120114242988"},"potentialAction":[{"@type":"SearchAction","target":{"@type":"EntryPoint","urlTemplate":"https:\/\/edu-webdesign.com\/?s={search_term_string}"},"query-input":{"@type":"PropertyValueSpecification","valueRequired":true,"valueName":"search_term_string"}}],"inLanguage":"en-US"},{"@type":["Person","Organization"],"@id":"https:\/\/edu-webdesign.com\/#\/schema\/person\/698f61200da814ef97f4120114242988","name":"edusikerul78","image":{"@type":"ImageObject","inLanguage":"en-US","@id":"https:\/\/edu-webdesign.com\/#\/schema\/person\/image\/","url":"https:\/\/edu-webdesign.com\/wp-content\/uploads\/2023\/11\/cropped-edu-logo.png","contentUrl":"https:\/\/edu-webdesign.com\/wp-content\/uploads\/2023\/11\/cropped-edu-logo.png","width":512,"height":512,"caption":"edusikerul78"},"logo":{"@id":"https:\/\/edu-webdesign.com\/#\/schema\/person\/image\/"},"sameAs":["https:\/\/edu-webdesign.com"]}]}},"_links":{"self":[{"href":"https:\/\/edu-webdesign.com\/en\/wp-json\/wp\/v2\/pages\/1217","targetHints":{"allow":["GET"]}}],"collection":[{"href":"https:\/\/edu-webdesign.com\/en\/wp-json\/wp\/v2\/pages"}],"about":[{"href":"https:\/\/edu-webdesign.com\/en\/wp-json\/wp\/v2\/types\/page"}],"author":[{"embeddable":true,"href":"https:\/\/edu-webdesign.com\/en\/wp-json\/wp\/v2\/users\/1"}],"replies":[{"embeddable":true,"href":"https:\/\/edu-webdesign.com\/en\/wp-json\/wp\/v2\/comments?post=1217"}],"version-history":[{"count":0,"href":"https:\/\/edu-webdesign.com\/en\/wp-json\/wp\/v2\/pages\/1217\/revisions"}],"wp:featuredmedia":[{"embeddable":true,"href":"https:\/\/edu-webdesign.com\/en\/wp-json\/wp\/v2\/media\/1981"}],"wp:attachment":[{"href":"https:\/\/edu-webdesign.com\/en\/wp-json\/wp\/v2\/media?parent=1217"}],"curies":[{"name":"wp","href":"https:\/\/api.w.org\/{rel}","templated":true}]}}