{"id":4086,"date":"2023-12-05T10:48:11","date_gmt":"2023-12-05T10:48:11","guid":{"rendered":"https:\/\/edu-webdesign.com\/?page_id=4086"},"modified":"2025-11-20T20:32:24","modified_gmt":"2025-11-20T20:32:24","slug":"brull-ede-webdesigner","status":"publish","type":"page","link":"https:\/\/edu-webdesign.com\/en\/brull-ede-webdesigner\/","title":{"rendered":"About me"},"content":{"rendered":"<div data-elementor-type=\"wp-page\" data-elementor-id=\"4086\" class=\"elementor elementor-4086\" data-elementor-post-type=\"page\">\n\t\t\t\t<div class=\"elementor-element elementor-element-e7cc3c6 e-flex e-con-boxed e-con e-parent\" data-id=\"e7cc3c6\" data-element_type=\"container\" data-e-type=\"container\">\n\t\t\t\t\t<div class=\"e-con-inner\">\n\t\t\t\t<div class=\"elementor-element elementor-element-d951864 de_scroll_animation_no elementor-widget elementor-widget-heading\" data-id=\"d951864\" data-element_type=\"widget\" data-e-type=\"widget\" data-widget_type=\"heading.default\">\n\t\t\t\t<div class=\"elementor-widget-container\">\n\t\t\t\t\t<h2 class=\"elementor-heading-title elementor-size-default translation-block\"><span style=\"color: black\">Perspective, expertise<\/span> <br>\n<span style=\"color: #FF5722\">creativity<\/span><\/h2>\t\t\t\t<\/div>\n\t\t\t\t<\/div>\n\t\t\t\t<div class=\"elementor-element elementor-element-5e4129e de_scroll_animation_no elementor-widget elementor-widget-text-editor\" data-id=\"5e4129e\" data-element_type=\"widget\" data-e-type=\"widget\" data-widget_type=\"text-editor.default\">\n\t\t\t\t<div class=\"elementor-widget-container\">\n\t\t\t\t\t\t\t\t\t<p data-start=\"76\" data-end=\"349\">In my work, I strive to combine creativity with strategic thinking, ensuring that my clients\u2019 projects are supported not only with innovative ideas but also with solutions that are business-effective and sustainable. I believe marketing is not just a tool, but a series of deliberate decisions. Client-centricity and transparency are paramount to me, as they are the foundation for building genuine partnerships.<\/p>\t\t\t\t\t\t\t\t<\/div>\n\t\t\t\t<\/div>\n\t\t\t\t\t<\/div>\n\t\t\t\t<\/div>\n\t\t<div class=\"elementor-element elementor-element-a8386a2 e-flex e-con-boxed e-con e-parent\" data-id=\"a8386a2\" data-element_type=\"container\" data-e-type=\"container\">\n\t\t\t\t\t<div class=\"e-con-inner\">\n\t\t<div class=\"elementor-element elementor-element-1f3614b e-con-full e-flex e-con e-child\" data-id=\"1f3614b\" data-element_type=\"container\" data-e-type=\"container\">\n\t\t\t\t<div class=\"elementor-element elementor-element-6cb7103 de_scroll_animation_no elementor-widget elementor-widget-image\" data-id=\"6cb7103\" data-element_type=\"widget\" data-e-type=\"widget\" data-widget_type=\"image.default\">\n\t\t\t\t<div class=\"elementor-widget-container\">\n\t\t\t\t\t\t\t\t\t\t\t\t\t\t\t<img fetchpriority=\"high\" decoding=\"async\" width=\"800\" height=\"918\" src=\"https:\/\/edu-webdesign.com\/wp-content\/uploads\/2025\/11\/edu-business-photo-892x1024.png\" class=\"attachment-large size-large wp-image-12010\" alt=\"\" srcset=\"https:\/\/edu-webdesign.com\/wp-content\/uploads\/2025\/11\/edu-business-photo-892x1024.png 892w, https:\/\/edu-webdesign.com\/wp-content\/uploads\/2025\/11\/edu-business-photo-261x300.png 261w, https:\/\/edu-webdesign.com\/wp-content\/uploads\/2025\/11\/edu-business-photo-768x881.png 768w, https:\/\/edu-webdesign.com\/wp-content\/uploads\/2025\/11\/edu-business-photo-10x12.png 10w, https:\/\/edu-webdesign.com\/wp-content\/uploads\/2025\/11\/edu-business-photo.png 901w\" sizes=\"(max-width: 800px) 100vw, 800px\" \/>\t\t\t\t\t\t\t\t\t\t\t\t\t\t\t<\/div>\n\t\t\t\t<\/div>\n\t\t\t\t<\/div>\n\t\t<div class=\"elementor-element elementor-element-15b8814 e-con-full e-flex e-con e-child\" data-id=\"15b8814\" data-element_type=\"container\" data-e-type=\"container\">\n\t\t\t\t<div class=\"elementor-element elementor-element-4388b78 de_scroll_animation_no elementor-widget elementor-widget-heading\" data-id=\"4388b78\" data-element_type=\"widget\" data-e-type=\"widget\" data-widget_type=\"heading.default\">\n\t\t\t\t<div class=\"elementor-widget-container\">\n\t\t\t\t\t<h2 class=\"elementor-heading-title elementor-size-default\"><span style=\"color: black\">Creativity built from <\/span><span style=\"color: #FF5722\"> experience <\/span><\/h2>\t\t\t\t<\/div>\n\t\t\t\t<\/div>\n\t\t\t\t<div class=\"elementor-element elementor-element-018ae2a de_scroll_animation_no elementor-widget elementor-widget-text-editor\" data-id=\"018ae2a\" data-element_type=\"widget\" data-e-type=\"widget\" data-widget_type=\"text-editor.default\">\n\t\t\t\t<div class=\"elementor-widget-container\">\n\t\t\t\t\t\t\t\t\t<p>For me, marketing is not merely a tool, but a living creative process where adaptability and strategic thinking are key. Every new project offers an opportunity to craft valuable, multifaceted solutions, combining experience and expertise. This holistic approach represents a harmonious blend of innovation, professional insight, and continuous learning.<\/p>\t\t\t\t\t\t\t\t<\/div>\n\t\t\t\t<\/div>\n\t\t\t\t<\/div>\n\t\t\t\t\t<\/div>\n\t\t\t\t<\/div>\n\t\t<div class=\"elementor-element elementor-element-1120803 e-con-full e-flex e-con e-parent\" data-id=\"1120803\" data-element_type=\"container\" data-e-type=\"container\">\n\t\t\t\t<div class=\"elementor-element elementor-element-cad3e6d elementor-arrows-position-inside de_scroll_animation_no elementor-widget elementor-widget-image-carousel\" data-id=\"cad3e6d\" data-element_type=\"widget\" data-e-type=\"widget\" data-settings=\"{&quot;slides_to_show&quot;:&quot;3&quot;,&quot;navigation&quot;:&quot;arrows&quot;,&quot;autoplay_speed&quot;:7000,&quot;speed&quot;:3023,&quot;autoplay&quot;:&quot;yes&quot;,&quot;pause_on_hover&quot;:&quot;yes&quot;,&quot;pause_on_interaction&quot;:&quot;yes&quot;,&quot;infinite&quot;:&quot;yes&quot;}\" data-widget_type=\"image-carousel.default\">\n\t\t\t\t<div class=\"elementor-widget-container\">\n\t\t\t\t\t\t\t<div class=\"elementor-image-carousel-wrapper swiper\" role=\"region\" aria-roledescription=\"carousel\" aria-label=\"K\u00e9p k\u00f6rhinta\" dir=\"ltr\">\n\t\t\t<div class=\"elementor-image-carousel swiper-wrapper\" aria-live=\"off\">\n\t\t\t\t\t\t\t\t<div class=\"swiper-slide\" role=\"group\" aria-roledescription=\"slide\" aria-label=\"1 of 4\" data-no-translation-aria-label=\"\"><figure class=\"swiper-slide-inner\"><img decoding=\"async\" class=\"swiper-slide-image\" src=\"https:\/\/edu-webdesign.com\/wp-content\/uploads\/2024\/12\/poti-ndental-refenciak-oldal.jpg\" alt=\"poti-ndental-refenciak-oldal\" \/><\/figure><\/div><div class=\"swiper-slide\" role=\"group\" aria-roledescription=\"slide\" aria-label=\"2 of 4\" data-no-translation-aria-label=\"\"><figure class=\"swiper-slide-inner\"><img decoding=\"async\" class=\"swiper-slide-image\" src=\"https:\/\/edu-webdesign.com\/wp-content\/uploads\/2024\/12\/iMac-Mockups-01.jpg\" alt=\"iMac-Mockups---01\" \/><\/figure><\/div><div class=\"swiper-slide\" role=\"group\" aria-roledescription=\"slide\" aria-label=\"3 of 4\" data-no-translation-aria-label=\"\"><figure class=\"swiper-slide-inner\"><img decoding=\"async\" class=\"swiper-slide-image\" src=\"https:\/\/edu-webdesign.com\/wp-content\/uploads\/2024\/12\/vargaerika-imac-mockup.jpg\" alt=\"vargaerika-imac-mockup\" \/><\/figure><\/div><div class=\"swiper-slide\" role=\"group\" aria-roledescription=\"slide\" aria-label=\"4 of 4\" data-no-translation-aria-label=\"\"><figure class=\"swiper-slide-inner\"><img decoding=\"async\" class=\"swiper-slide-image\" src=\"https:\/\/edu-webdesign.com\/wp-content\/uploads\/2024\/12\/iMac-Mockups-01-1.jpg\" alt=\"iMac-Mockups---01\" \/><\/figure><\/div>\t\t\t<\/div>\n\t\t\t\t\t\t\t\t\t\t\t\t<div class=\"elementor-swiper-button elementor-swiper-button-prev\" role=\"button\" tabindex=\"0\">\n\t\t\t\t\t\t<i aria-hidden=\"true\" class=\"eicon-chevron-left\"><\/i>\t\t\t\t\t<\/div>\n\t\t\t\t\t<div class=\"elementor-swiper-button elementor-swiper-button-next\" role=\"button\" tabindex=\"0\">\n\t\t\t\t\t\t<i aria-hidden=\"true\" class=\"eicon-chevron-right\"><\/i>\t\t\t\t\t<\/div>\n\t\t\t\t\n\t\t\t\t\t\t\t\t\t<\/div>\n\t\t\t\t\t\t<\/div>\n\t\t\t\t<\/div>\n\t\t\t\t<\/div>\n\t\t<div class=\"elementor-element elementor-element-9eb3d69 e-flex e-con-boxed e-con e-parent\" data-id=\"9eb3d69\" data-element_type=\"container\" data-e-type=\"container\">\n\t\t\t\t\t<div class=\"e-con-inner\">\n\t\t\t\t<div class=\"elementor-element elementor-element-24aada9 de_scroll_animation_no elementor-widget elementor-widget-heading\" data-id=\"24aada9\" data-element_type=\"widget\" data-e-type=\"widget\" data-widget_type=\"heading.default\">\n\t\t\t\t<div class=\"elementor-widget-container\">\n\t\t\t\t\t<h2 class=\"elementor-heading-title elementor-size-default translation-block\"><span style=\"color: black\">Web Design,<\/span><span style=\"color: #FF5722\"> Neuroscience<\/span><\/h2>\t\t\t\t<\/div>\n\t\t\t\t<\/div>\n\t\t\t\t<div class=\"elementor-element elementor-element-322ab11 de_scroll_animation_no elementor-widget elementor-widget-text-editor\" data-id=\"322ab11\" data-element_type=\"widget\" data-e-type=\"widget\" data-widget_type=\"text-editor.default\">\n\t\t\t\t<div class=\"elementor-widget-container\">\n\t\t\t\t\t\t\t\t\t<p>My research focuses on the impact of visual design on decision-making. For years, I have studied the psychological and neurological effects of marketing, web design, and visual elements. This expertise allows my designs to target precisely, uncover human emotional needs, and respond effectively to unconscious motivations. Since most decisions are not made rationally, I place special emphasis on visual presentation and the transformation of my clients\u2019 value into compelling visual experiences.<\/p>\t\t\t\t\t\t\t\t<\/div>\n\t\t\t\t<\/div>\n\t\t\t\t\t<\/div>\n\t\t\t\t<\/div>\n\t\t\t\t<section class=\"elementor-section elementor-top-section elementor-element elementor-element-bffd69c elementor-section-height-min-height elementor-section-boxed elementor-section-height-default elementor-section-items-middle\" data-id=\"bffd69c\" data-element_type=\"section\" data-e-type=\"section\">\n\t\t\t\t\t\t<div class=\"elementor-container elementor-column-gap-default\">\n\t\t\t\t\t<div class=\"elementor-column elementor-col-100 elementor-top-column elementor-element elementor-element-47b3599\" data-id=\"47b3599\" data-element_type=\"column\" data-e-type=\"column\" data-settings=\"{&quot;background_background&quot;:&quot;classic&quot;}\">\n\t\t\t<div class=\"elementor-widget-wrap elementor-element-populated\">\n\t\t\t\t\t<div class=\"elementor-background-overlay\"><\/div>\n\t\t\t\t\t\t<div class=\"elementor-element elementor-element-70c1951 de_scroll_animation_no elementor-widget elementor-widget-heading\" data-id=\"70c1951\" data-element_type=\"widget\" data-e-type=\"widget\" data-widget_type=\"heading.default\">\n\t\t\t\t<div class=\"elementor-widget-container\">\n\t\t\t\t\t<h2 class=\"elementor-heading-title elementor-size-default\">Do you have a project idea?<\/h2>\t\t\t\t<\/div>\n\t\t\t\t<\/div>\n\t\t\t\t<div class=\"elementor-element elementor-element-4d724af de_scroll_animation_no elementor-widget elementor-widget-text-editor\" data-id=\"4d724af\" data-element_type=\"widget\" data-e-type=\"widget\" data-widget_type=\"text-editor.default\">\n\t\t\t\t<div class=\"elementor-widget-container\">\n\t\t\t\t\t\t\t\t\t<p>Your creative ideas deserve the best execution! Trust us with designing your website or webshop to bring your visions to life in a modern, aesthetic, and functional form.\u00a0<\/p>\t\t\t\t\t\t\t\t<\/div>\n\t\t\t\t<\/div>\n\t\t\t\t<div class=\"elementor-element elementor-element-a054073 elementor-align-center elementor-tablet-align-center elementor-mobile-align-center de_scroll_animation_no elementor-invisible elementor-widget elementor-widget-button\" data-id=\"a054073\" data-element_type=\"widget\" data-e-type=\"widget\" data-settings=\"{&quot;_animation&quot;:&quot;fadeIn&quot;}\" data-widget_type=\"button.default\">\n\t\t\t\t<div class=\"elementor-widget-container\">\n\t\t\t\t\t\t\t\t\t<div class=\"elementor-button-wrapper\">\n\t\t\t\t\t<a class=\"elementor-button elementor-button-link elementor-size-xs\" href=\"https:\/\/edu-webdesign.com\/en\/kapcsolat\/\">\n\t\t\t\t\t\t<span class=\"elementor-button-content-wrapper\">\n\t\t\t\t\t\t\t\t\t<span class=\"elementor-button-text\">Let's talk about it.<\/span>\n\t\t\t\t\t<\/span>\n\t\t\t\t\t<\/a>\n\t\t\t\t<\/div>\n\t\t\t\t\t\t\t\t<\/div>\n\t\t\t\t<\/div>\n\t\t\t\t\t<\/div>\n\t\t<\/div>\n\t\t\t\t\t<\/div>\n\t\t<\/section>\n\t\t\t\t<\/div>","protected":false},"excerpt":{"rendered":"<p>Szeml\u00e9let, szaktud\u00e1s kreativit\u00e1s Munk\u00e1mban a kreativit\u00e1s \u00e9s a strat\u00e9giai gondolkod\u00e1s \u00f6tv\u00f6z\u00e9s\u00e9re t\u00f6rekszem, hogy \u00fcgyfeleim projektjeit ne csak \u00f6tletes, hanem \u00fczletileg is hat\u00e9kony \u00e9s fenntarthat\u00f3 megold\u00e1sokkal t\u00e1mogassam. Hiszek abban, hogy a marketing nem puszt\u00e1n eszk\u00f6z, hanem tudatos d\u00f6nt\u00e9sek sorozata. Kiemelten fontos sz\u00e1momra az \u00fcgyf\u00e9lk\u00f6zpont\u00fas\u00e1g \u00e9s az \u00e1tl\u00e1that\u00f3s\u00e1g, mert csak \u00edgy lehet val\u00f3di partners\u00e9get kialak\u00edtani. Tapasztalatb\u00f3l \u00e9p\u00edtett [&hellip;]<\/p>\n","protected":false},"author":1,"featured_media":3233,"parent":0,"menu_order":0,"comment_status":"closed","ping_status":"closed","template":"elementor_header_footer","meta":{"footnotes":""},"class_list":["post-4086","page","type-page","status-publish","has-post-thumbnail","hentry"],"yoast_head":"<!-- This site is optimized with the Yoast SEO Premium plugin v27.1 (Yoast SEO v27.1.1) - https:\/\/yoast.com\/product\/yoast-seo-premium-wordpress\/ -->\n<title>R\u00f3lam -<\/title>\n<meta name=\"description\" content=\"Webdesigner, marketinges \u00e9s alkalmazott digit\u00e1lis szakember, aki marketing f\u00f3kusz\u00fa szeml\u00e9lettel tervez egyedi \u00e9s hat\u00e9kony online \u00e9lm\u00e9nyeket.\" \/>\n<meta name=\"robots\" content=\"index, follow, max-snippet:-1, max-image-preview:large, max-video-preview:-1\" \/>\n<link rel=\"canonical\" href=\"https:\/\/edu-webdesign.com\/en\/brull-ede-webdesigner\/\" \/>\n<meta property=\"og:locale\" content=\"en_US\" \/>\n<meta property=\"og:type\" content=\"article\" \/>\n<meta property=\"og:title\" content=\"R\u00f3lam\" \/>\n<meta property=\"og:description\" content=\"Webdesigner, marketinges \u00e9s alkalmazott digit\u00e1lis szakember, aki marketing f\u00f3kusz\u00fa szeml\u00e9lettel tervez egyedi \u00e9s hat\u00e9kony online \u00e9lm\u00e9nyeket.\" \/>\n<meta property=\"og:url\" content=\"https:\/\/edu-webdesign.com\/en\/brull-ede-webdesigner\/\" \/>\n<meta property=\"article:modified_time\" content=\"2025-11-20T20:32:24+00:00\" \/>\n<meta property=\"og:image\" content=\"https:\/\/edu-webdesign.com\/wp-content\/uploads\/2023\/11\/edu-social-media-profil.jpg\" \/>\n\t<meta property=\"og:image:width\" content=\"700\" \/>\n\t<meta property=\"og:image:height\" content=\"1244\" \/>\n\t<meta property=\"og:image:type\" content=\"image\/jpeg\" \/>\n<meta name=\"twitter:card\" content=\"summary_large_image\" \/>\n<meta name=\"twitter:label1\" content=\"Est. reading time\" \/>\n\t<meta name=\"twitter:data1\" content=\"3 minutes\" \/>\n<script type=\"application\/ld+json\" class=\"yoast-schema-graph\">{\"@context\":\"https:\/\/schema.org\",\"@graph\":[{\"@type\":\"WebPage\",\"@id\":\"https:\/\/edu-webdesign.com\/brull-ede-webdesigner\/\",\"url\":\"https:\/\/edu-webdesign.com\/brull-ede-webdesigner\/\",\"name\":\"R\u00f3lam -\",\"isPartOf\":{\"@id\":\"https:\/\/edu-webdesign.com\/#website\"},\"primaryImageOfPage\":{\"@id\":\"https:\/\/edu-webdesign.com\/brull-ede-webdesigner\/#primaryimage\"},\"image\":{\"@id\":\"https:\/\/edu-webdesign.com\/brull-ede-webdesigner\/#primaryimage\"},\"thumbnailUrl\":\"https:\/\/edu-webdesign.com\/wp-content\/uploads\/2023\/11\/edu-social-media-profil.jpg\",\"datePublished\":\"2023-12-05T10:48:11+00:00\",\"dateModified\":\"2025-11-20T20:32:24+00:00\",\"description\":\"Webdesigner, marketinges \u00e9s alkalmazott digit\u00e1lis szakember, aki marketing f\u00f3kusz\u00fa szeml\u00e9lettel tervez egyedi \u00e9s hat\u00e9kony online \u00e9lm\u00e9nyeket.\",\"breadcrumb\":{\"@id\":\"https:\/\/edu-webdesign.com\/brull-ede-webdesigner\/#breadcrumb\"},\"inLanguage\":\"en-US\",\"potentialAction\":[{\"@type\":\"ReadAction\",\"target\":[\"https:\/\/edu-webdesign.com\/brull-ede-webdesigner\/\"]}]},{\"@type\":\"ImageObject\",\"inLanguage\":\"en-US\",\"@id\":\"https:\/\/edu-webdesign.com\/brull-ede-webdesigner\/#primaryimage\",\"url\":\"https:\/\/edu-webdesign.com\/wp-content\/uploads\/2023\/11\/edu-social-media-profil.jpg\",\"contentUrl\":\"https:\/\/edu-webdesign.com\/wp-content\/uploads\/2023\/11\/edu-social-media-profil.jpg\",\"width\":700,\"height\":1244},{\"@type\":\"BreadcrumbList\",\"@id\":\"https:\/\/edu-webdesign.com\/brull-ede-webdesigner\/#breadcrumb\",\"itemListElement\":[{\"@type\":\"ListItem\",\"position\":1,\"name\":\"Kezd\u0151lap\",\"item\":\"https:\/\/edu-webdesign.com\/\"},{\"@type\":\"ListItem\",\"position\":2,\"name\":\"R\u00f3lam\"}]},{\"@type\":\"WebSite\",\"@id\":\"https:\/\/edu-webdesign.com\/#website\",\"url\":\"https:\/\/edu-webdesign.com\/\",\"name\":\"edu-webdesign\",\"description\":\"\",\"publisher\":{\"@id\":\"https:\/\/edu-webdesign.com\/#\/schema\/person\/698f61200da814ef97f4120114242988\"},\"potentialAction\":[{\"@type\":\"SearchAction\",\"target\":{\"@type\":\"EntryPoint\",\"urlTemplate\":\"https:\/\/edu-webdesign.com\/?s={search_term_string}\"},\"query-input\":{\"@type\":\"PropertyValueSpecification\",\"valueRequired\":true,\"valueName\":\"search_term_string\"}}],\"inLanguage\":\"en-US\"},{\"@type\":[\"Person\",\"Organization\"],\"@id\":\"https:\/\/edu-webdesign.com\/#\/schema\/person\/698f61200da814ef97f4120114242988\",\"name\":\"edusikerul78\",\"image\":{\"@type\":\"ImageObject\",\"inLanguage\":\"en-US\",\"@id\":\"https:\/\/edu-webdesign.com\/#\/schema\/person\/image\/\",\"url\":\"https:\/\/edu-webdesign.com\/wp-content\/uploads\/2023\/11\/cropped-edu-logo.png\",\"contentUrl\":\"https:\/\/edu-webdesign.com\/wp-content\/uploads\/2023\/11\/cropped-edu-logo.png\",\"width\":512,\"height\":512,\"caption\":\"edusikerul78\"},\"logo\":{\"@id\":\"https:\/\/edu-webdesign.com\/#\/schema\/person\/image\/\"},\"sameAs\":[\"https:\/\/edu-webdesign.com\"]}]}<\/script>\n<!-- \/ Yoast SEO Premium plugin. -->","yoast_head_json":{"title":"R\u00f3lam -","description":"Webdesigner, marketinges \u00e9s alkalmazott digit\u00e1lis szakember, aki marketing f\u00f3kusz\u00fa szeml\u00e9lettel tervez egyedi \u00e9s hat\u00e9kony online \u00e9lm\u00e9nyeket.","robots":{"index":"index","follow":"follow","max-snippet":"max-snippet:-1","max-image-preview":"max-image-preview:large","max-video-preview":"max-video-preview:-1"},"canonical":"https:\/\/edu-webdesign.com\/en\/brull-ede-webdesigner\/","og_locale":"en_US","og_type":"article","og_title":"R\u00f3lam","og_description":"Webdesigner, marketinges \u00e9s alkalmazott digit\u00e1lis szakember, aki marketing f\u00f3kusz\u00fa szeml\u00e9lettel tervez egyedi \u00e9s hat\u00e9kony online \u00e9lm\u00e9nyeket.","og_url":"https:\/\/edu-webdesign.com\/en\/brull-ede-webdesigner\/","article_modified_time":"2025-11-20T20:32:24+00:00","og_image":[{"width":700,"height":1244,"url":"https:\/\/edu-webdesign.com\/wp-content\/uploads\/2023\/11\/edu-social-media-profil.jpg","type":"image\/jpeg"}],"twitter_card":"summary_large_image","twitter_misc":{"Est. reading time":"3 minutes"},"schema":{"@context":"https:\/\/schema.org","@graph":[{"@type":"WebPage","@id":"https:\/\/edu-webdesign.com\/brull-ede-webdesigner\/","url":"https:\/\/edu-webdesign.com\/brull-ede-webdesigner\/","name":"R\u00f3lam -","isPartOf":{"@id":"https:\/\/edu-webdesign.com\/#website"},"primaryImageOfPage":{"@id":"https:\/\/edu-webdesign.com\/brull-ede-webdesigner\/#primaryimage"},"image":{"@id":"https:\/\/edu-webdesign.com\/brull-ede-webdesigner\/#primaryimage"},"thumbnailUrl":"https:\/\/edu-webdesign.com\/wp-content\/uploads\/2023\/11\/edu-social-media-profil.jpg","datePublished":"2023-12-05T10:48:11+00:00","dateModified":"2025-11-20T20:32:24+00:00","description":"Webdesigner, marketinges \u00e9s alkalmazott digit\u00e1lis szakember, aki marketing f\u00f3kusz\u00fa szeml\u00e9lettel tervez egyedi \u00e9s hat\u00e9kony online \u00e9lm\u00e9nyeket.","breadcrumb":{"@id":"https:\/\/edu-webdesign.com\/brull-ede-webdesigner\/#breadcrumb"},"inLanguage":"en-US","potentialAction":[{"@type":"ReadAction","target":["https:\/\/edu-webdesign.com\/brull-ede-webdesigner\/"]}]},{"@type":"ImageObject","inLanguage":"en-US","@id":"https:\/\/edu-webdesign.com\/brull-ede-webdesigner\/#primaryimage","url":"https:\/\/edu-webdesign.com\/wp-content\/uploads\/2023\/11\/edu-social-media-profil.jpg","contentUrl":"https:\/\/edu-webdesign.com\/wp-content\/uploads\/2023\/11\/edu-social-media-profil.jpg","width":700,"height":1244},{"@type":"BreadcrumbList","@id":"https:\/\/edu-webdesign.com\/brull-ede-webdesigner\/#breadcrumb","itemListElement":[{"@type":"ListItem","position":1,"name":"Kezd\u0151lap","item":"https:\/\/edu-webdesign.com\/"},{"@type":"ListItem","position":2,"name":"R\u00f3lam"}]},{"@type":"WebSite","@id":"https:\/\/edu-webdesign.com\/#website","url":"https:\/\/edu-webdesign.com\/","name":"edu-webdesign","description":"","publisher":{"@id":"https:\/\/edu-webdesign.com\/#\/schema\/person\/698f61200da814ef97f4120114242988"},"potentialAction":[{"@type":"SearchAction","target":{"@type":"EntryPoint","urlTemplate":"https:\/\/edu-webdesign.com\/?s={search_term_string}"},"query-input":{"@type":"PropertyValueSpecification","valueRequired":true,"valueName":"search_term_string"}}],"inLanguage":"en-US"},{"@type":["Person","Organization"],"@id":"https:\/\/edu-webdesign.com\/#\/schema\/person\/698f61200da814ef97f4120114242988","name":"edusikerul78","image":{"@type":"ImageObject","inLanguage":"en-US","@id":"https:\/\/edu-webdesign.com\/#\/schema\/person\/image\/","url":"https:\/\/edu-webdesign.com\/wp-content\/uploads\/2023\/11\/cropped-edu-logo.png","contentUrl":"https:\/\/edu-webdesign.com\/wp-content\/uploads\/2023\/11\/cropped-edu-logo.png","width":512,"height":512,"caption":"edusikerul78"},"logo":{"@id":"https:\/\/edu-webdesign.com\/#\/schema\/person\/image\/"},"sameAs":["https:\/\/edu-webdesign.com"]}]}},"_links":{"self":[{"href":"https:\/\/edu-webdesign.com\/en\/wp-json\/wp\/v2\/pages\/4086","targetHints":{"allow":["GET"]}}],"collection":[{"href":"https:\/\/edu-webdesign.com\/en\/wp-json\/wp\/v2\/pages"}],"about":[{"href":"https:\/\/edu-webdesign.com\/en\/wp-json\/wp\/v2\/types\/page"}],"author":[{"embeddable":true,"href":"https:\/\/edu-webdesign.com\/en\/wp-json\/wp\/v2\/users\/1"}],"replies":[{"embeddable":true,"href":"https:\/\/edu-webdesign.com\/en\/wp-json\/wp\/v2\/comments?post=4086"}],"version-history":[{"count":0,"href":"https:\/\/edu-webdesign.com\/en\/wp-json\/wp\/v2\/pages\/4086\/revisions"}],"wp:featuredmedia":[{"embeddable":true,"href":"https:\/\/edu-webdesign.com\/en\/wp-json\/wp\/v2\/media\/3233"}],"wp:attachment":[{"href":"https:\/\/edu-webdesign.com\/en\/wp-json\/wp\/v2\/media?parent=4086"}],"curies":[{"name":"wp","href":"https:\/\/api.w.org\/{rel}","templated":true}]}}